{"id":63,"date":"2020-04-09T09:32:29","date_gmt":"2020-04-09T09:32:29","guid":{"rendered":"http:\/\/shtheme.org\/demosd\/loxicat\/?page_id=63"},"modified":"2021-05-26T12:19:30","modified_gmt":"2021-05-26T10:19:30","slug":"contacto","status":"publish","type":"page","link":"https:\/\/oprib.es\/es\/contacto\/","title":{"rendered":"Contacto"},"content":{"rendered":"\t\t<div data-elementor-type=\"wp-post\" data-elementor-id=\"63\" class=\"elementor elementor-63\" data-elementor-settings=\"[]\">\n\t\t\t\t\t\t<div class=\"elementor-inner\">\n\t\t\t\t\t\t\t<div class=\"elementor-section-wrap\">\n\t\t\t\t\t\t\t<section class=\"elementor-section elementor-top-section elementor-element elementor-element-56262c4 elementor-section-boxed elementor-section-height-default elementor-section-height-default\" data-id=\"56262c4\" data-element_type=\"section\" data-settings=\"{&quot;background_background&quot;:&quot;classic&quot;}\">\n\t\t\t\t\t\t<div class=\"elementor-container elementor-column-gap-default\">\n\t\t\t\t\t\t\t<div class=\"elementor-row\">\n\t\t\t\t\t<div class=\"elementor-column elementor-col-100 elementor-top-column elementor-element elementor-element-dc0eafd\" data-id=\"dc0eafd\" data-element_type=\"column\">\n\t\t\t<div class=\"elementor-column-wrap elementor-element-populated\">\n\t\t\t\t\t\t\t<div class=\"elementor-widget-wrap\">\n\t\t\t\t\t\t<div class=\"elementor-element elementor-element-67c367d elementor-widget elementor-widget-heading\" data-id=\"67c367d\" data-element_type=\"widget\" data-widget_type=\"heading.default\">\n\t\t\t\t<div class=\"elementor-widget-container\">\n\t\t\t<h2 class=\"elementor-heading-title elementor-size-default\">Contacto<\/h2>\t\t<\/div>\n\t\t\t\t<\/div>\n\t\t\t\t\t\t<\/div>\n\t\t\t\t\t<\/div>\n\t\t<\/div>\n\t\t\t\t\t\t\t\t<\/div>\n\t\t\t\t\t<\/div>\n\t\t<\/section>\n\t\t\t\t<section class=\"elementor-section elementor-top-section elementor-element elementor-element-9b6d0d5 elementor-section-full_width elementor-section-height-default elementor-section-height-default\" data-id=\"9b6d0d5\" data-element_type=\"section\">\n\t\t\t\t\t\t<div class=\"elementor-container elementor-column-gap-default\">\n\t\t\t\t\t\t\t<div class=\"elementor-row\">\n\t\t\t\t\t<div class=\"elementor-column elementor-col-100 elementor-top-column elementor-element elementor-element-6aaf1f6\" data-id=\"6aaf1f6\" data-element_type=\"column\">\n\t\t\t<div class=\"elementor-column-wrap elementor-element-populated\">\n\t\t\t\t\t\t\t<div class=\"elementor-widget-wrap\">\n\t\t\t\t\t\t<div class=\"elementor-element elementor-element-82fc56e elementor-align-left elementor-widget elementor-widget-bdevs-contact\" data-id=\"82fc56e\" data-element_type=\"widget\" data-widget_type=\"bdevs-contact.default\">\n\t\t\t\t<div class=\"elementor-widget-container\">\n\t\t\t\t\t<section class=\"contact-section pdt-100 pdb-65\">\r\n\t\t\t<div class=\"container\">\r\n\t\t\t\t<div class=\"row\">\r\n\t\t\t\t\t<div class=\"col-lg-7\">\r\n\t\t\t\t\t\t<div class=\"contact-form mrb-md-40\">\r\n\t\t\t\t\t\t\t<h2 class=\"mrb-40 f-weight-400 solid-bottom-line\">\r\n\t\t\t\t\t\t\t\tM\u00e1ndanos un mensaje\t\t\t\t\t\t\t<\/h2>\r\n\t\t\t\t\t\t\tRellena el siguiente formulario para pedir informaci\u00f3n, realizar propuestas o consultar cualquier duda que tengas sobre residuos en las Islas Baleares.\n\n\n<div role=\"form\" class=\"wpcf7\" id=\"wpcf7-f136-o1\" lang=\"en-US\" dir=\"ltr\">\n<div class=\"screen-reader-response\"><p role=\"status\" aria-live=\"polite\" aria-atomic=\"true\"><\/p> <ul><\/ul><\/div>\n<form action=\"\/es\/wp-json\/wp\/v2\/pages\/63#wpcf7-f136-o1\" method=\"post\" class=\"wpcf7-form init\" novalidate=\"novalidate\" data-status=\"init\">\n<div style=\"display: none;\">\n<input type=\"hidden\" name=\"_wpcf7\" value=\"136\" \/>\n<input type=\"hidden\" name=\"_wpcf7_version\" value=\"5.4\" \/>\n<input type=\"hidden\" name=\"_wpcf7_locale\" value=\"en_US\" \/>\n<input type=\"hidden\" name=\"_wpcf7_unit_tag\" value=\"wpcf7-f136-o1\" \/>\n<input type=\"hidden\" name=\"_wpcf7_container_post\" value=\"0\" \/>\n<input type=\"hidden\" name=\"_wpcf7_posted_data_hash\" value=\"\" \/>\n<\/div>\n<div><br><br><\/p>\n<div class=\"row\">\n<div class=\"col-lg-12\">\n<div class=\"form-group mrb-25\">\n               \u00bfQui\u00e9n eres?  <span class=\"wpcf7-form-control-wrap quien\"><select name=\"quien\" class=\"wpcf7-form-control wpcf7-select\" aria-invalid=\"false\"><option value=\"Escoge uno\">Escoge uno<\/option><option value=\"Administraci\u00f3n p\u00fablica\">Administraci\u00f3n p\u00fablica<\/option><option value=\"Asociaci\u00f3n\">Asociaci\u00f3n<\/option><option value=\"Centro educativo\">Centro educativo<\/option><option value=\"Comercio\">Comercio<\/option><option value=\"Ciudadano\">Ciudadano<\/option><option value=\"HORECA\">HORECA<\/option><option value=\"Prensa\">Prensa<\/option><option value=\"Otro\">Otro<\/option><\/select><\/span>\n            <\/div>\n<\/div>\n<div class=\"col-lg-6\">\n<div class=\"form-group mrb-25\">\n                <span class=\"wpcf7-form-control-wrap name11\"><input type=\"text\" name=\"name11\" value=\"\" size=\"40\" class=\"wpcf7-form-control wpcf7-text wpcf7-validates-as-required form-control\" aria-required=\"true\" aria-invalid=\"false\" placeholder=\"Nombre\" \/><\/span>\n            <\/div>\n<\/div>\n<div class=\"col-lg-6\">\n<div class=\"form-group mrb-25\">\n                <span class=\"wpcf7-form-control-wrap phone\"><input type=\"text\" name=\"phone\" value=\"\" size=\"40\" class=\"wpcf7-form-control wpcf7-text wpcf7-validates-as-required form-control\" aria-required=\"true\" aria-invalid=\"false\" placeholder=\"Tel\u00e9fono\" \/><\/span>\n            <\/div>\n<\/div>\n<div class=\"col-lg-12\">\n<div class=\"form-group mrb-25\">\n                <span class=\"wpcf7-form-control-wrap email-678\"><input type=\"email\" name=\"email-678\" value=\"\" size=\"40\" class=\"wpcf7-form-control wpcf7-text wpcf7-email wpcf7-validates-as-required wpcf7-validates-as-email form-control\" aria-required=\"true\" aria-invalid=\"false\" placeholder=\"Email\" \/><\/span>\n            <\/div>\n<\/div>\n<div class=\"col-lg-12\">\n<div class=\"form-group mrb-25\">\n                <span class=\"wpcf7-form-control-wrap asunto\"><input type=\"text\" name=\"asunto\" value=\"\" size=\"40\" class=\"wpcf7-form-control wpcf7-text form-control\" aria-invalid=\"false\" placeholder=\"Asunto\" \/><\/span>\n            <\/div>\n<\/div>\n<div class=\"col-lg-12\">\n<div class=\"form-group mrb-25\">\n                <span class=\"wpcf7-form-control-wrap textarea-802\"><textarea name=\"textarea-802\" cols=\"40\" rows=\"10\" class=\"wpcf7-form-control wpcf7-textarea form-control\" aria-invalid=\"false\" placeholder=\"Mensaje\"><\/textarea><\/span>\n            <\/div>\n<\/div>\n<div class=\"col-lg-8\">\n<div class=\"form-group\">\n                <input type=\"submit\" value=\"Enviar\" class=\"wpcf7-form-control wpcf7-submit cs-btn-one btn-md btn-round\" \/><\/div>\n<\/div>\n<\/div>\n<\/div>\n<div class=\"wpcf7-response-output\" aria-hidden=\"true\"><\/div><\/form><\/div>\t\t\t\t\t\t<\/div>\r\n\t\t\t\t\t<\/div>\r\n\t\t\t\t\t<div class=\"col-lg-5\">\r\n\t\t\t\t\t\t<h2 class=\"mrb-40 f-weight-400 solid-bottom-line\">\r\n\t\t\t\t\t\t\t\t\t\t\t\t\t<\/h2>\r\n\t\t\t\t\t\t\t\t\t\t\t\t<div class=\"contact-block d-flex mrb-30\">\r\n\t\t\t\t\t\t\t<div class=\"contact-icon\">\r\n\t\t\t\t\t\t\t\t<i class=\"webex-icon-envelope\"><\/i>\r\n\t\t\t\t\t\t\t<\/div>\r\n\t\t\t\t\t\t\t<div class=\"contact-details mrl-30\">\r\n\t\t\t\t\t\t\t\t<h5 class=\"icon-box-title mrb-10\">Email<\/h5>\r\n\t\t\t\t\t\t\t\t<p class=\"mrb-0\">residus@caib.es<\/p>\r\n\t\t\t\t\t\t\t<\/div>\r\n\t\t\t\t\t\t<\/div>\r\n\t\t\t\t\t\t\t\t\t\t\t<\/div>\r\n\t\t\t\t<\/div>\r\n\t\t\t<\/div>\r\n\t\t<\/section>\r\n\t\t\t<\/div>\n\t\t\t\t<\/div>\n\t\t\t\t\t\t<\/div>\n\t\t\t\t\t<\/div>\n\t\t<\/div>\n\t\t\t\t\t\t\t\t<\/div>\n\t\t\t\t\t<\/div>\n\t\t<\/section>\n\t\t\t\t\t\t<\/div>\n\t\t\t\t\t\t<\/div>\n\t\t\t\t\t<\/div>\n\t\t","protected":false},"excerpt":{"rendered":"<p>Contacto M\u00e1ndanos un mensaje Rellena el siguiente formulario para pedir informaci\u00f3n, realizar propuestas o consultar cualquier duda que tengas sobre residuos en las Islas Baleares. \u00bfQui\u00e9n eres? Escoge unoAdministraci\u00f3n p\u00fablicaAsociaci\u00f3nCentro educativoComercioCiudadanoHORECAPrensaOtro Email residus@caib.es<\/p>\n","protected":false},"author":4,"featured_media":0,"parent":0,"menu_order":0,"comment_status":"closed","ping_status":"closed","template":"page-templates\/home.php","meta":[],"_links":{"self":[{"href":"https:\/\/oprib.es\/es\/wp-json\/wp\/v2\/pages\/63"}],"collection":[{"href":"https:\/\/oprib.es\/es\/wp-json\/wp\/v2\/pages"}],"about":[{"href":"https:\/\/oprib.es\/es\/wp-json\/wp\/v2\/types\/page"}],"author":[{"embeddable":true,"href":"https:\/\/oprib.es\/es\/wp-json\/wp\/v2\/users\/4"}],"replies":[{"embeddable":true,"href":"https:\/\/oprib.es\/es\/wp-json\/wp\/v2\/comments?post=63"}],"version-history":[{"count":14,"href":"https:\/\/oprib.es\/es\/wp-json\/wp\/v2\/pages\/63\/revisions"}],"predecessor-version":[{"id":3855,"href":"https:\/\/oprib.es\/es\/wp-json\/wp\/v2\/pages\/63\/revisions\/3855"}],"wp:attachment":[{"href":"https:\/\/oprib.es\/es\/wp-json\/wp\/v2\/media?parent=63"}],"curies":[{"name":"wp","href":"https:\/\/api.w.org\/{rel}","templated":true}]}}