{"id":730,"date":"2020-07-14T18:17:22","date_gmt":"2020-07-14T18:17:22","guid":{"rendered":"https:\/\/oprib.es\/?page_id=730"},"modified":"2021-04-09T08:42:14","modified_gmt":"2021-04-09T06:42:14","slug":"noticias","status":"publish","type":"page","link":"https:\/\/oprib.es\/es\/noticias\/","title":{"rendered":"Noticias"},"content":{"rendered":"\t\t<div data-elementor-type=\"wp-post\" data-elementor-id=\"730\" class=\"elementor elementor-730\" data-elementor-settings=\"[]\">\n\t\t\t\t\t\t<div class=\"elementor-inner\">\n\t\t\t\t\t\t\t<div class=\"elementor-section-wrap\">\n\t\t\t\t\t\t\t<section class=\"elementor-section elementor-top-section elementor-element elementor-element-2f23479 elementor-section-full_width elementor-section-height-default elementor-section-height-default\" data-id=\"2f23479\" data-element_type=\"section\">\n\t\t\t\t\t\t<div class=\"elementor-container elementor-column-gap-default\">\n\t\t\t\t\t\t\t<div class=\"elementor-row\">\n\t\t\t\t\t<div class=\"elementor-column elementor-col-100 elementor-top-column elementor-element elementor-element-0c6b237\" data-id=\"0c6b237\" data-element_type=\"column\">\n\t\t\t<div class=\"elementor-column-wrap elementor-element-populated\">\n\t\t\t\t\t\t\t<div class=\"elementor-widget-wrap\">\n\t\t\t\t\t\t<div class=\"elementor-element elementor-element-f0b4b5a elementor-widget elementor-widget-heading\" data-id=\"f0b4b5a\" data-element_type=\"widget\" data-widget_type=\"heading.default\">\n\t\t\t\t<div class=\"elementor-widget-container\">\n\t\t\t<h2 class=\"elementor-heading-title elementor-size-default\">Noticias<\/h2>\t\t<\/div>\n\t\t\t\t<\/div>\n\t\t\t\t\t\t<\/div>\n\t\t\t\t\t<\/div>\n\t\t<\/div>\n\t\t\t\t\t\t\t\t<\/div>\n\t\t\t\t\t<\/div>\n\t\t<\/section>\n\t\t\t\t<section class=\"elementor-section elementor-top-section elementor-element elementor-element-ce81e57 elementor-section-boxed elementor-section-height-default elementor-section-height-default\" data-id=\"ce81e57\" data-element_type=\"section\">\n\t\t\t\t\t\t<div class=\"elementor-container elementor-column-gap-default\">\n\t\t\t\t\t\t\t<div class=\"elementor-row\">\n\t\t\t\t\t<div class=\"elementor-column elementor-col-100 elementor-top-column elementor-element elementor-element-90fe4f9\" data-id=\"90fe4f9\" data-element_type=\"column\">\n\t\t\t<div class=\"elementor-column-wrap elementor-element-populated\">\n\t\t\t\t\t\t\t<div class=\"elementor-widget-wrap\">\n\t\t\t\t\t\t<div class=\"elementor-element elementor-element-6bd1c25 elementor-grid-eael-col-2 elementor-grid-tablet-eael-col-2 elementor-grid-mobile-eael-col-1 elementor-widget elementor-widget-eael-post-grid\" data-id=\"6bd1c25\" data-element_type=\"widget\" data-settings=\"{&quot;eael_post_grid_columns&quot;:&quot;eael-col-2&quot;,&quot;eael_post_grid_columns_tablet&quot;:&quot;eael-col-2&quot;,&quot;eael_post_grid_columns_mobile&quot;:&quot;eael-col-1&quot;}\" data-widget_type=\"eael-post-grid.default\">\n\t\t\t\t<div class=\"elementor-widget-container\">\n\t\t\t<div id=\"eael-post-grid-6bd1c25\" class=\"eael-post-grid-container\">\n            <div class=\"eael-post-grid eael-post-appender eael-post-appender-6bd1c25 eael-post-grid-style-default\" data-layout-mode=\"grid\"><article class=\"eael-grid-post eael-post-grid-column\" data-id=\"6158\">\n        <div class=\"eael-grid-post-holder\">\n            <div class=\"eael-grid-post-holder-inner\"><div class=\"eael-entry-media\"><div class=\"eael-entry-overlay fade-in\"><i class=\"fas fa-long-arrow-alt-right\" aria-hidden=\"true\"><\/i><a\n                            href=\"https:\/\/oprib.es\/es\/el-govern-pone-en-marcha-la-campana-somos-gestion-de-residuos-para-reforzar-la-corresponsabilidad-en-la-economia-circular-y-el-reciclaje\/\"\n                            \n                            \n                        ><\/a><\/div><div class=\"eael-entry-thumbnail\">\n                                <img src=\"https:\/\/oprib.es\/wp-content\/uploads\/2025\/05\/3137690m-500x350.jpeg\" alt=\"\">\n                            <\/div><\/div><div class=\"eael-entry-wrapper\"><header class=\"eael-entry-header\"><h2 class=\"eael-entry-title\"><a\n                        class=\"eael-grid-post-link\"\n                        href=\"https:\/\/oprib.es\/es\/el-govern-pone-en-marcha-la-campana-somos-gestion-de-residuos-para-reforzar-la-corresponsabilidad-en-la-economia-circular-y-el-reciclaje\/\"\n                        title=\"El Govern pone en marcha la campa\u00f1a \u00abSomos gesti\u00f3n de residuos\u00bb para reforzar la corresponsabilidad en la econom\u00eda circular y el reciclaje\"\n                        \n                        \n                        >El Govern pone en marcha la campa\u00f1a \u00abSomos gesti\u00f3n de residuos\u00bb para reforzar la corresponsabilidad en la econom\u00eda circular y el reciclaje<\/a><\/h2><\/header><div class=\"eael-entry-content\">\n                        <div class=\"eael-grid-post-excerpt\"><p><\/p><a\n                            href=\"https:\/\/oprib.es\/es\/el-govern-pone-en-marcha-la-campana-somos-gestion-de-residuos-para-reforzar-la-corresponsabilidad-en-la-economia-circular-y-el-reciclaje\/\"\n                            class=\"eael-post-elements-readmore-btn\"\n                            \n                            \n                            >Leer m\u00e1s<\/a><\/div>\n                    <\/div><\/div><\/div>\n        <\/div>\n    <\/article><article class=\"eael-grid-post eael-post-grid-column\" data-id=\"6063\">\n        <div class=\"eael-grid-post-holder\">\n            <div class=\"eael-grid-post-holder-inner\"><div class=\"eael-entry-media\"><div class=\"eael-entry-overlay fade-in\"><i class=\"fas fa-long-arrow-alt-right\" aria-hidden=\"true\"><\/i><a\n                            href=\"https:\/\/oprib.es\/es\/el-gobierno-presenta-la-campana-somos-gestion-de-residuos-que-pone-el-enfasis-en-la-corresponsabilidad-para-una-correcta-gestion-en-la-separacion-la-reutilizacion-y-el-reciclaje\/\"\n                            \n                            \n                        ><\/a><\/div><div class=\"eael-entry-thumbnail\">\n                                <img src=\"https:\/\/oprib.es\/wp-content\/uploads\/2024\/11\/IMG-NDP-500x350.jpeg\" alt=\"\">\n                            <\/div><\/div><div class=\"eael-entry-wrapper\"><header class=\"eael-entry-header\"><h2 class=\"eael-entry-title\"><a\n                        class=\"eael-grid-post-link\"\n                        href=\"https:\/\/oprib.es\/es\/el-gobierno-presenta-la-campana-somos-gestion-de-residuos-que-pone-el-enfasis-en-la-corresponsabilidad-para-una-correcta-gestion-en-la-separacion-la-reutilizacion-y-el-reciclaje\/\"\n                        title=\"El Gobierno presenta la campa\u00f1a \u00abSomos gesti\u00f3n de residuos\u00bb que pone el \u00e9nfasis en la corresponsabilidad para una correcta gesti\u00f3n en la separaci\u00f3n, la reutilizaci\u00f3n y el reciclaje\"\n                        \n                        \n                        >El Gobierno presenta la campa\u00f1a \u00abSomos gesti\u00f3n de residuos\u00bb que pone el \u00e9nfasis en la corresponsabilidad para una correcta gesti\u00f3n en la separaci\u00f3n, la reutilizaci\u00f3n y el reciclaje<\/a><\/h2><\/header><div class=\"eael-entry-content\">\n                        <div class=\"eael-grid-post-excerpt\"><p><\/p><a\n                            href=\"https:\/\/oprib.es\/es\/el-gobierno-presenta-la-campana-somos-gestion-de-residuos-que-pone-el-enfasis-en-la-corresponsabilidad-para-una-correcta-gestion-en-la-separacion-la-reutilizacion-y-el-reciclaje\/\"\n                            class=\"eael-post-elements-readmore-btn\"\n                            \n                            \n                            >Leer m\u00e1s<\/a><\/div>\n                    <\/div><\/div><\/div>\n        <\/div>\n    <\/article><article class=\"eael-grid-post eael-post-grid-column\" data-id=\"5943\">\n        <div class=\"eael-grid-post-holder\">\n            <div class=\"eael-grid-post-holder-inner\"><div class=\"eael-entry-media\"><div class=\"eael-entry-overlay fade-in\"><i class=\"fas fa-long-arrow-alt-right\" aria-hidden=\"true\"><\/i><a\n                            href=\"https:\/\/oprib.es\/es\/el-despilfarro-alimentario-en-datos\/\"\n                            \n                            \n                        ><\/a><\/div><div class=\"eael-entry-thumbnail\">\n                                <img src=\"https:\/\/oprib.es\/wp-content\/uploads\/2024\/09\/KPMZZZ_AdobeStock_619187279_RV-500x350.jpg\" alt=\"\">\n                            <\/div><\/div><div class=\"eael-entry-wrapper\"><header class=\"eael-entry-header\"><h2 class=\"eael-entry-title\"><a\n                        class=\"eael-grid-post-link\"\n                        href=\"https:\/\/oprib.es\/es\/el-despilfarro-alimentario-en-datos\/\"\n                        title=\"El Despilfarro alimentario en datos\"\n                        \n                        \n                        >El Despilfarro alimentario en datos<\/a><\/h2><\/header><div class=\"eael-entry-content\">\n                        <div class=\"eael-grid-post-excerpt\"><p>En 2022, se desperdiciaron en la UE alrededor de 132...<\/p><a\n                            href=\"https:\/\/oprib.es\/es\/el-despilfarro-alimentario-en-datos\/\"\n                            class=\"eael-post-elements-readmore-btn\"\n                            \n                            \n                            >Leer m\u00e1s<\/a><\/div>\n                    <\/div><\/div><\/div>\n        <\/div>\n    <\/article><article class=\"eael-grid-post eael-post-grid-column\" data-id=\"5917\">\n        <div class=\"eael-grid-post-holder\">\n            <div class=\"eael-grid-post-holder-inner\"><div class=\"eael-entry-media\"><div class=\"eael-entry-overlay fade-in\"><i class=\"fas fa-long-arrow-alt-right\" aria-hidden=\"true\"><\/i><a\n                            href=\"https:\/\/oprib.es\/es\/no-te-embales\/\"\n                            \n                            \n                        ><\/a><\/div><div class=\"eael-entry-thumbnail\">\n                                <img src=\"https:\/\/oprib.es\/wp-content\/uploads\/2024\/07\/cistell-500x350.jpeg\" alt=\"\">\n                            <\/div><\/div><div class=\"eael-entry-wrapper\"><header class=\"eael-entry-header\"><h2 class=\"eael-entry-title\"><a\n                        class=\"eael-grid-post-link\"\n                        href=\"https:\/\/oprib.es\/es\/no-te-embales\/\"\n                        title=\"No te embales!\"\n                        \n                        \n                        >No te embales!<\/a><\/h2><\/header><div class=\"eael-entry-content\">\n                        <div class=\"eael-grid-post-excerpt\"><p>HOY: D\u00eda Internacional Libre de bolsas de pl\u00e1stico \u00bfSab\u00edas que,...<\/p><a\n                            href=\"https:\/\/oprib.es\/es\/no-te-embales\/\"\n                            class=\"eael-post-elements-readmore-btn\"\n                            \n                            \n                            >Leer m\u00e1s<\/a><\/div>\n                    <\/div><\/div><\/div>\n        <\/div>\n    <\/article><article class=\"eael-grid-post eael-post-grid-column\" data-id=\"5772\">\n        <div class=\"eael-grid-post-holder\">\n            <div class=\"eael-grid-post-holder-inner\"><div class=\"eael-entry-media\"><div class=\"eael-entry-overlay fade-in\"><i class=\"fas fa-long-arrow-alt-right\" aria-hidden=\"true\"><\/i><a\n                            href=\"https:\/\/oprib.es\/es\/semana-europea-de-la-prevencion-de-residuos\/\"\n                            \n                            \n                        ><\/a><\/div><div class=\"eael-entry-thumbnail\">\n                                <img src=\"https:\/\/oprib.es\/wp-content\/uploads\/2024\/05\/EWWR2024_PHOTO_INSTAGRAM-2-500x350.jpg\" alt=\"\">\n                            <\/div><\/div><div class=\"eael-entry-wrapper\"><header class=\"eael-entry-header\"><h2 class=\"eael-entry-title\"><a\n                        class=\"eael-grid-post-link\"\n                        href=\"https:\/\/oprib.es\/es\/semana-europea-de-la-prevencion-de-residuos\/\"\n                        title=\"Semana Europea de la Prevenci\u00f3n de Residuos\"\n                        \n                        \n                        >Semana Europea de la Prevenci\u00f3n de Residuos<\/a><\/h2><\/header><div class=\"eael-entry-content\">\n                        <div class=\"eael-grid-post-excerpt\"><p>La Semana Europea de la Prevenci\u00f3n de Residuos (SEPR o...<\/p><a\n                            href=\"https:\/\/oprib.es\/es\/semana-europea-de-la-prevencion-de-residuos\/\"\n                            class=\"eael-post-elements-readmore-btn\"\n                            \n                            \n                            >Leer m\u00e1s<\/a><\/div>\n                    <\/div><\/div><\/div>\n        <\/div>\n    <\/article><\/div>\n            <div class=\"clearfix\"><\/div>\n        <\/div>            <div class=\"eael-load-more-button-wrap\">\n                <button class=\"eael-load-more-button\" id=\"eael-load-more-btn-6bd1c25\" data-widget-id=\"6bd1c25\" data-widget=\"6bd1c25\" data-page-id=\"730\" data-nonce=\"8f39800a15\" data-template=\"{&quot;dir&quot;:&quot;free&quot;,&quot;file_name&quot;:&quot;default&quot;,&quot;name&quot;:&quot;Post-Grid&quot;}\" data-class=\"Essential_Addons_Elementor\\Elements\\Post_Grid\" data-layout=\"grid\" data-page=\"1\" data-args=\"orderby=date&amp;order=desc&amp;ignore_sticky_posts=1&amp;post_status=publish&amp;posts_per_page=10&amp;offset=0&amp;post_type=post\">\n                    <div class=\"eael-btn-loader button__loader\"><\/div>\n                    <span>Cargar m\u00e1s<\/span>\n                <\/button>\n            <\/div>\n        \t\t<\/div>\n\t\t\t\t<\/div>\n\t\t\t\t\t\t<\/div>\n\t\t\t\t\t<\/div>\n\t\t<\/div>\n\t\t\t\t\t\t\t\t<\/div>\n\t\t\t\t\t<\/div>\n\t\t<\/section>\n\t\t\t\t<section class=\"elementor-section elementor-top-section elementor-element elementor-element-eadac67 elementor-section-boxed elementor-section-height-default elementor-section-height-default\" data-id=\"eadac67\" data-element_type=\"section\" data-settings=\"{&quot;background_background&quot;:&quot;classic&quot;}\">\n\t\t\t\t\t\t<div class=\"elementor-container elementor-column-gap-default\">\n\t\t\t\t\t\t\t<div class=\"elementor-row\">\n\t\t\t\t\t<div class=\"elementor-column elementor-col-33 elementor-top-column elementor-element elementor-element-c4a6044\" data-id=\"c4a6044\" data-element_type=\"column\">\n\t\t\t<div class=\"elementor-column-wrap elementor-element-populated\">\n\t\t\t\t\t\t\t<div class=\"elementor-widget-wrap\">\n\t\t\t\t\t\t<div class=\"elementor-element elementor-element-f167cea elementor-view-default elementor-position-top elementor-vertical-align-top elementor-widget elementor-widget-icon-box\" data-id=\"f167cea\" data-element_type=\"widget\" data-widget_type=\"icon-box.default\">\n\t\t\t\t<div class=\"elementor-widget-container\">\n\t\t\t\t\t<div class=\"elementor-icon-box-wrapper\">\n\t\t\t\t\t\t<div class=\"elementor-icon-box-icon\">\n\t\t\t\t<a class=\"elementor-icon elementor-animation-\" href=\"https:\/\/oprib.es\/es\/sobre-la-oficina\/\">\n\t\t\t\t<i aria-hidden=\"true\" class=\"far fa-building\"><\/i>\t\t\t\t<\/a>\n\t\t\t<\/div>\n\t\t\t\t\t\t<div class=\"elementor-icon-box-content\">\n\t\t\t\t<h5 class=\"elementor-icon-box-title\">\n\t\t\t\t\t<a href=\"https:\/\/oprib.es\/es\/sobre-la-oficina\/\">Con\u00f3cenos<\/a>\n\t\t\t\t<\/h5>\n\t\t\t\t\t\t\t<\/div>\n\t\t<\/div>\n\t\t\t\t<\/div>\n\t\t\t\t<\/div>\n\t\t\t\t\t\t<\/div>\n\t\t\t\t\t<\/div>\n\t\t<\/div>\n\t\t\t\t<div class=\"elementor-column elementor-col-33 elementor-top-column elementor-element elementor-element-5e3bece\" data-id=\"5e3bece\" data-element_type=\"column\">\n\t\t\t<div class=\"elementor-column-wrap elementor-element-populated\">\n\t\t\t\t\t\t\t<div class=\"elementor-widget-wrap\">\n\t\t\t\t\t\t<div class=\"elementor-element elementor-element-f4c2da7 elementor-view-default elementor-position-top elementor-vertical-align-top elementor-widget elementor-widget-icon-box\" data-id=\"f4c2da7\" data-element_type=\"widget\" data-widget_type=\"icon-box.default\">\n\t\t\t\t<div class=\"elementor-widget-container\">\n\t\t\t\t\t<div class=\"elementor-icon-box-wrapper\">\n\t\t\t\t\t\t<div class=\"elementor-icon-box-icon\">\n\t\t\t\t<a class=\"elementor-icon elementor-animation-\" href=\"https:\/\/oprib.es\/es\/contacto\/\">\n\t\t\t\t<i aria-hidden=\"true\" class=\"far fa-thumbs-up\"><\/i>\t\t\t\t<\/a>\n\t\t\t<\/div>\n\t\t\t\t\t\t<div class=\"elementor-icon-box-content\">\n\t\t\t\t<h5 class=\"elementor-icon-box-title\">\n\t\t\t\t\t<a href=\"https:\/\/oprib.es\/es\/contacto\/\">Participa<\/a>\n\t\t\t\t<\/h5>\n\t\t\t\t\t\t\t<\/div>\n\t\t<\/div>\n\t\t\t\t<\/div>\n\t\t\t\t<\/div>\n\t\t\t\t\t\t<\/div>\n\t\t\t\t\t<\/div>\n\t\t<\/div>\n\t\t\t\t<div class=\"elementor-column elementor-col-33 elementor-top-column elementor-element elementor-element-63c7cdf\" data-id=\"63c7cdf\" data-element_type=\"column\">\n\t\t\t<div class=\"elementor-column-wrap elementor-element-populated\">\n\t\t\t\t\t\t\t<div class=\"elementor-widget-wrap\">\n\t\t\t\t\t\t<div class=\"elementor-element elementor-element-e76f32c elementor-view-default elementor-position-top elementor-vertical-align-top elementor-widget elementor-widget-icon-box\" data-id=\"e76f32c\" data-element_type=\"widget\" data-widget_type=\"icon-box.default\">\n\t\t\t\t<div class=\"elementor-widget-container\">\n\t\t\t\t\t<div class=\"elementor-icon-box-wrapper\">\n\t\t\t\t\t\t<div class=\"elementor-icon-box-icon\">\n\t\t\t\t<a class=\"elementor-icon elementor-animation-\" href=\"https:\/\/oprib.es\/es\/datos-sobre-residuos\/\">\n\t\t\t\t<i aria-hidden=\"true\" class=\"far fa-trash-alt\"><\/i>\t\t\t\t<\/a>\n\t\t\t<\/div>\n\t\t\t\t\t\t<div class=\"elementor-icon-box-content\">\n\t\t\t\t<h5 class=\"elementor-icon-box-title\">\n\t\t\t\t\t<a href=\"https:\/\/oprib.es\/es\/datos-sobre-residuos\/\">Residuos en Baleares<\/a>\n\t\t\t\t<\/h5>\n\t\t\t\t\t\t\t<\/div>\n\t\t<\/div>\n\t\t\t\t<\/div>\n\t\t\t\t<\/div>\n\t\t\t\t\t\t<\/div>\n\t\t\t\t\t<\/div>\n\t\t<\/div>\n\t\t\t\t\t\t\t\t<\/div>\n\t\t\t\t\t<\/div>\n\t\t<\/section>\n\t\t\t\t\t\t<\/div>\n\t\t\t\t\t\t<\/div>\n\t\t\t\t\t<\/div>\n\t\t","protected":false},"excerpt":{"rendered":"<p>Noticias Tech Entrepreneur Credits Paper For Success Together made firmament third male greater Lorem ipsum dolor sit&#8230; Leer m\u00e1s Entrada noticias Together made firmament third male greater Lorem ipsum dolor sit&#8230; Leer m\u00e1s Nanotech immersion along the highway Together made firmament third male greater Lorem ipsum dolor sit&#8230; Leer m\u00e1s Hello world! Welcome to WordPress. [&hellip;]<\/p>\n","protected":false},"author":4,"featured_media":0,"parent":0,"menu_order":0,"comment_status":"closed","ping_status":"closed","template":"page-templates\/home.php","meta":[],"_links":{"self":[{"href":"https:\/\/oprib.es\/es\/wp-json\/wp\/v2\/pages\/730"}],"collection":[{"href":"https:\/\/oprib.es\/es\/wp-json\/wp\/v2\/pages"}],"about":[{"href":"https:\/\/oprib.es\/es\/wp-json\/wp\/v2\/types\/page"}],"author":[{"embeddable":true,"href":"https:\/\/oprib.es\/es\/wp-json\/wp\/v2\/users\/4"}],"replies":[{"embeddable":true,"href":"https:\/\/oprib.es\/es\/wp-json\/wp\/v2\/comments?post=730"}],"version-history":[{"count":7,"href":"https:\/\/oprib.es\/es\/wp-json\/wp\/v2\/pages\/730\/revisions"}],"predecessor-version":[{"id":2204,"href":"https:\/\/oprib.es\/es\/wp-json\/wp\/v2\/pages\/730\/revisions\/2204"}],"wp:attachment":[{"href":"https:\/\/oprib.es\/es\/wp-json\/wp\/v2\/media?parent=730"}],"curies":[{"name":"wp","href":"https:\/\/api.w.org\/{rel}","templated":true}]}}